{"id":2466,"date":"2013-08-06T23:11:08","date_gmt":"2013-08-06T23:11:08","guid":{"rendered":"http:\/\/doctor.madza-wordpress-premium-themes.com\/?page_id=27"},"modified":"2019-02-03T13:57:56","modified_gmt":"2019-02-03T12:57:56","slug":"services-2","status":"publish","type":"page","link":"http:\/\/nzozleszczynowa.pl\/?page_id=2466","title":{"rendered":"Nasze us\u0142ugi"},"content":{"rendered":"<p>[vc_row][vc_column width=&#8221;1\/1&#8243;][vc_column_text]<\/p>\n<h1 style=\"text-align: center;\"><span style=\"color: #000000;\">Nasze us\u0142ugi<\/span><\/h1>\n<h3 style=\"text-align: center;\">W naszej poradni ca\u0142a rodzina mo\u017ce skorzysta\u0107 z wszelkich dost\u0119pnych us\u0142ug podstawowej opieki zdrowotnej &#8211; konsultacji lekarzy rodzinnych, opieki piel\u0119gniarek i po\u0142o\u017cnych \u015brodowiskowo-rodzinnych.<br \/>\nWi\u0119cej informacji w poszczeg\u00f3lnych dzia\u0142ach.<\/h3>\n<p>[\/vc_column_text][padding_spacer space_count=&#8221;15&#8243;][madza_custom_post_type posttype=&#8221;our-services&#8221; columns=&#8221;3&#8243; item_nr=&#8221;6&#8243; sorting=&#8221;DESC&#8221; excerpt=&#8221;70&#8243; height=&#8221;150&#8243; button=&#8221;Read More&#8221;][\/vc_column][\/vc_row]<\/p>\n","protected":false},"excerpt":{"rendered":"<p>[vc_row][vc_column width=&#8221;1\/1&#8243;][vc_column_text] Nasze us\u0142ugi W naszej poradni ca\u0142a rodzina mo\u017ce skorzysta\u0107 z wszelkich dost\u0119pnych us\u0142ug podstawowej opieki zdrowotnej &#8211; konsultacji lekarzy rodzinnych, opieki piel\u0119gniarek i po\u0142o\u017cnych \u015brodowiskowo-rodzinnych. Wi\u0119cej informacji w poszczeg\u00f3lnych dzia\u0142ach. [\/vc_column_text][padding_spacer space_count=&#8221;15&#8243;][madza_custom_post_type posttype=&#8221;our-services&#8221; columns=&#8221;3&#8243; item_nr=&#8221;6&#8243; sorting=&#8221;DESC&#8221; excerpt=&#8221;70&#8243; height=&#8221;150&#8243; button=&#8221;Read More&#8221;][\/vc_column][\/vc_row]<\/p>\n","protected":false},"author":1,"featured_media":0,"parent":0,"menu_order":0,"comment_status":"open","ping_status":"open","template":"","meta":[],"_links":{"self":[{"href":"http:\/\/nzozleszczynowa.pl\/index.php?rest_route=\/wp\/v2\/pages\/2466"}],"collection":[{"href":"http:\/\/nzozleszczynowa.pl\/index.php?rest_route=\/wp\/v2\/pages"}],"about":[{"href":"http:\/\/nzozleszczynowa.pl\/index.php?rest_route=\/wp\/v2\/types\/page"}],"author":[{"embeddable":true,"href":"http:\/\/nzozleszczynowa.pl\/index.php?rest_route=\/wp\/v2\/users\/1"}],"replies":[{"embeddable":true,"href":"http:\/\/nzozleszczynowa.pl\/index.php?rest_route=%2Fwp%2Fv2%2Fcomments&post=2466"}],"version-history":[{"count":7,"href":"http:\/\/nzozleszczynowa.pl\/index.php?rest_route=\/wp\/v2\/pages\/2466\/revisions"}],"predecessor-version":[{"id":2705,"href":"http:\/\/nzozleszczynowa.pl\/index.php?rest_route=\/wp\/v2\/pages\/2466\/revisions\/2705"}],"wp:attachment":[{"href":"http:\/\/nzozleszczynowa.pl\/index.php?rest_route=%2Fwp%2Fv2%2Fmedia&parent=2466"}],"curies":[{"name":"wp","href":"https:\/\/api.w.org\/{rel}","templated":true}]}}